{"id":763,"date":"2018-08-02T15:16:34","date_gmt":"2018-08-02T15:16:34","guid":{"rendered":"https:\/\/cdn.jevelin.shufflehound.com\/corporate-vc\/?page_id=763"},"modified":"2024-09-26T09:39:07","modified_gmt":"2024-09-26T07:39:07","slug":"home-corporate","status":"publish","type":"page","link":"https:\/\/trietco.com\/","title":{"rendered":"Home &#8211; Corporate"},"content":{"rendered":"<p>[vc_row full_width=\u00a0\u00bbstretch_row\u00a0\u00bb overflow=\u00a0\u00bbdefault\u00a0\u00bb][vc_column overflow=\u00a0\u00bbdefault\u00a0\u00bb]\n\t\t\t<!-- START Corporate Slider1 REVOLUTION SLIDER 6.6.2 --><p class=\"rs-p-wp-fix\"><\/p>\n\t\t\t<rs-module-wrap id=\"rev_slider_2_1_wrapper\" data-source=\"gallery\" style=\"visibility:hidden;background:#353535;padding:0;\">\n\t\t\t\t<rs-module id=\"rev_slider_2_1\" style=\"\" data-version=\"6.6.2\">\n\t\t\t\t\t<rs-slides style=\"overflow: hidden; position: absolute;\">\n\t\t\t\t\t\t<rs-slide style=\"position: absolute;\" data-key=\"rs-3\" data-title=\"Slide\" data-anim=\"ms:2000;\" data-in=\"o:0;\" data-out=\"a:false;\" data-d3=\"f:incube;z:400;\">\n\t\t\t\t\t\t\t<img decoding=\"async\" src=\"\/\/trietco.com\/wp-content\/plugins\/revslider\/public\/assets\/assets\/dummy.png\" alt=\"\" title=\"tomato calibration machine\" width=\"2560\" height=\"1440\" class=\"rev-slidebg tp-rs-img rs-lazyload\" data-lazyload=\"\/\/trietco.com\/wp-content\/uploads\/2024\/01\/992784-scaled.jpg\" data-bg=\"p:center top;\" data-parallax=\"9\" data-no-retina>\n<!--\n\t\t\t\t\t\t\t--><rs-layer\n\t\t\t\t\t\t\t\tid=\"slider-2-slide-3-layer-6\" \n\t\t\t\t\t\t\t\tdata-type=\"text\"\n\t\t\t\t\t\t\t\tdata-color=\"rgba(255, 255, 255, 1)\"\n\t\t\t\t\t\t\t\tdata-rsp_ch=\"on\"\n\t\t\t\t\t\t\t\tdata-xy=\"x:c;xo:3px,3px,0,0;yo:550px,550px,244px,614px;\"\n\t\t\t\t\t\t\t\tdata-text=\"s:30,30,50,33;l:22;fw:700,700,400,600;\"\n\t\t\t\t\t\t\t\tdata-frame_0=\"y:-50px;\"\n\t\t\t\t\t\t\t\tdata-frame_1=\"st:1000;sp:600;sR:1000;\"\n\t\t\t\t\t\t\t\tdata-frame_999=\"o:0;e:nothing;st:w;sR:7400;\"\n\t\t\t\t\t\t\t\tstyle=\"z-index:6;font-family:'Raleway';\"\n\t\t\t\t\t\t\t>TRI, ETIQUETAGE, CONDITIONNEMENT \n\t\t\t\t\t\t\t<\/rs-layer><!--\n\n\t\t\t\t\t\t\t--><rs-layer\n\t\t\t\t\t\t\t\tid=\"slider-2-slide-3-layer-14\" \n\t\t\t\t\t\t\t\tdata-type=\"text\"\n\t\t\t\t\t\t\t\tdata-color=\"rgba(255, 255, 255, 1)\"\n\t\t\t\t\t\t\t\tdata-rsp_ch=\"on\"\n\t\t\t\t\t\t\t\tdata-xy=\"x:c;xo:11px,11px,0,0;y:m;yo:189px,189px,-80px,300px;\"\n\t\t\t\t\t\t\t\tdata-text=\"w:normal;s:45,45,70,63;l:44,44,80,75;fw:700;a:left,left,center,center;\"\n\t\t\t\t\t\t\t\tdata-dim=\"w:990px,990px,696px,696px;h:51px,51px,auto,auto;\"\n\t\t\t\t\t\t\t\tdata-frame_0=\"y:-50px;\"\n\t\t\t\t\t\t\t\tdata-frame_1=\"st:1350;sp:600;sR:1350;\"\n\t\t\t\t\t\t\t\tdata-frame_999=\"o:0;e:nothing;st:w;sR:7050;\"\n\t\t\t\t\t\t\t\tstyle=\"z-index:7;font-family:'Raleway';\"\n\t\t\t\t\t\t\t>Les fruits et l\u00e9gumes, c'est notre m\u00e9tier \n\t\t\t\t\t\t\t<\/rs-layer><!--\n-->\t\t\t\t\t\t<\/rs-slide>\n\t\t\t\t\t<\/rs-slides>\n\t\t\t\t<\/rs-module>\n\t\t\t\t<script>\n\t\t\t\t\tsetREVStartSize({c: 'rev_slider_2_1',rl:[1240,1024,778,480],el:[868,768,960,1020],gw:[1240,1024,778,700],gh:[868,768,960,1020],type:'standard',justify:'',layout:'fullscreen',offsetContainer:'#wpadminbar, .sh-window-line.line-bottom, .sh-window-line.line-top,.primary-desktop',offset:'',mh:\"0\"});if (window.RS_MODULES!==undefined && window.RS_MODULES.modules!==undefined && window.RS_MODULES.modules[\"revslider21\"]!==undefined) {window.RS_MODULES.modules[\"revslider21\"].once = false;window.revapi2 = undefined;if (window.RS_MODULES.checkMinimal!==undefined) window.RS_MODULES.checkMinimal()}\n\t\t\t\t<\/script>\n\t\t\t<\/rs-module-wrap>\n\t\t\t<!-- END REVOLUTION SLIDER -->\n[\/vc_column][vc_column overflow=\u00a0\u00bbdefault\u00a0\u00bb css=\u00a0\u00bb.vc_custom_1713412627764{padding-top: 33px !important;padding-left: 20px !important;}\u00a0\u00bb el_id=\u00a0\u00bbnotre activit\u00e9\u00a0\u00bb][vc_column_text]<\/p>\n<h2>Notre activit\u00e9<\/h2>\n<p>[\/vc_column_text][\/vc_column][\/vc_row][vc_row overflow=\u00a0\u00bbdefault\u00a0\u00bb css=\u00a0\u00bb.vc_custom_1713504144517{padding-top: 80px !important;padding-bottom: 100px !important;}\u00a0\u00bb el_id=\u00a0\u00bbaboutus\u00a0\u00bb][vc_column css_animation=\u00a0\u00bbfadeInUp\u00a0\u00bb width=\u00a0\u00bb1\/4&Prime; responsive_border=\u00a0\u00bbdisabled\u00a0\u00bb css=\u00a0\u00bb.vc_custom_1535116738067{border-left-width: 1px !important;padding-top: 0px !important;padding-bottom: 0px !important;border-left-color: #ececec !important;border-left-style: solid !important;}\u00a0\u00bb max_width=\u00a0\u00bb450px\u00a0\u00bb]\r\n            \r\n            <div class=\"sh-empty-space vc_empty_space sh-empty-space-Ch9GHxJMVd  \" style=\"height: 10px\">\r\n                <span class=\"vc_empty_space_inner\"><\/span>\r\n            <\/div>\r\n\r\n        [vc_gallery interval=\u00a0\u00bb3&Prime; images=\u00a0\u00bb962,874,968&Prime; onclick=\u00a0\u00bb\u00a0\u00bb][vc_column_text]<\/p>\n<h3>Le tri<\/h3>\n<p class=\"p1\"><span class=\"s1\"><b>&gt;<\/b><\/span>\u00a0Appr\u00e9cier la conformit\u00e9 des produits aux consignes donn\u00e9es.<br \/>\n<span class=\"s2\"><b>&gt;<\/b><\/span>\u00a0D\u00e9tecter les alt\u00e9rations de l\u2019\u00e9tat des fruits et\/ou l\u00e9gumes par un contr\u00f4le tactile et visuel.<br \/>\n<span class=\"s2\"><b>&gt;<\/b><\/span>\u00a0Identifier et \u00e9carter les produits non conformes<\/p>\n<p>[\/vc_column_text]\r\n            \r\n            <div class=\"sh-empty-space vc_empty_space sh-empty-space-Sl5K6edT1n  \" style=\"height: 10px\">\r\n                <span class=\"vc_empty_space_inner\"><\/span>\r\n            <\/div>\r\n\r\n        [\/vc_column][vc_column css_animation=\u00a0\u00bbfadeInUp\u00a0\u00bb width=\u00a0\u00bb1\/4&Prime; responsive_border=\u00a0\u00bbdisabled\u00a0\u00bb css=\u00a0\u00bb.vc_custom_1535116721894{border-left-width: 1px !important;padding-top: 0px !important;padding-bottom: 0px !important;border-left-color: #ececec !important;border-left-style: solid !important;}\u00a0\u00bb max_width=\u00a0\u00bb450&Prime;]\r\n            \r\n            <div class=\"sh-empty-space vc_empty_space sh-empty-space-whqVpNysb2  \" style=\"height: 10px\">\r\n                <span class=\"vc_empty_space_inner\"><\/span>\r\n            <\/div>\r\n\r\n        [vc_gallery interval=\u00a0\u00bb3&Prime; images=\u00a0\u00bb966,944,955&Prime; onclick=\u00a0\u00bb\u00a0\u00bb][vc_column_text]<\/p>\n<h3>L&rsquo;\u00e9tiquetage<\/h3>\n<p class=\"p1\"><span class=\"s1\"><b>&gt;<\/b><\/span><b>\u00a0<\/b>Identifier les informations devant figurer sur les \u00e9tiquettes des fruits et l\u00e9gumes (Normalisation)<br \/>\n<span class=\"s1\"><b>&gt;\u00a0<\/b><\/span>R\u00e9aliser l\u2019\u00e9tiquetage des produits et des contenants<\/p>\n<p>[\/vc_column_text]\r\n            \r\n            <div class=\"sh-empty-space vc_empty_space sh-empty-space-4k6tYVUQsj  \" style=\"height: 10px\">\r\n                <span class=\"vc_empty_space_inner\"><\/span>\r\n            <\/div>\r\n\r\n        [\/vc_column][vc_column css_animation=\u00a0\u00bbfadeInUp\u00a0\u00bb width=\u00a0\u00bb1\/4&Prime; responsive_border=\u00a0\u00bbdisabled\u00a0\u00bb css=\u00a0\u00bb.vc_custom_1535116743387{border-left-width: 1px !important;padding-top: 0px !important;padding-bottom: 0px !important;border-left-color: #ececec !important;border-left-style: solid !important;}\u00a0\u00bb max_width=\u00a0\u00bb450&Prime;]\r\n            \r\n            <div class=\"sh-empty-space vc_empty_space sh-empty-space-KAvDkm3zFt  \" style=\"height: 10px\">\r\n                <span class=\"vc_empty_space_inner\"><\/span>\r\n            <\/div>\r\n\r\n        [vc_gallery interval=\u00a0\u00bb3&Prime; images=\u00a0\u00bb973,970,974&Prime; onclick=\u00a0\u00bb\u00a0\u00bb][vc_column_text]<\/p>\n<h3>Le conditionnement<\/h3>\n<p class=\"p1\"><span class=\"s1\"><b>&gt;<\/b><\/span><b>\u00a0<\/b>Approvisionner la ligne ou la cha\u00eene de conditionnement avec des produits pr\u00e9alablement tri\u00e9s<\/p>\n<p class=\"p1\">FlowPack 500g (Haricots, Coco, Poivron corne, Herbes aromatiques etc\u2026)<\/p>\n<p class=\"p1\">Filets 1Kg (Tomates, Courgettes, agrumes etc\u2026)<\/p>\n<p>[\/vc_column_text]\r\n            \r\n            <div class=\"sh-empty-space vc_empty_space sh-empty-space-Ev6LP5Z2Ga  \" style=\"height: 10px\">\r\n                <span class=\"vc_empty_space_inner\"><\/span>\r\n            <\/div>\r\n\r\n        [\/vc_column][vc_column width=\u00a0\u00bb1\/4&Prime;]\r\n            \r\n            <div class=\"sh-empty-space vc_empty_space sh-empty-space-6Qac5g7U3B  \" style=\"height: 10px\">\r\n                <span class=\"vc_empty_space_inner\"><\/span>\r\n            <\/div>\r\n\r\n        [vc_gallery interval=\u00a0\u00bb3&Prime; images=\u00a0\u00bb883,885,882&Prime; onclick=\u00a0\u00bb\u00a0\u00bb][vc_column_text]<\/p>\n<h3>La gestion des d\u00e9chets<\/h3>\n<p class=\"p1\"><span class=\"s1\"><b>&gt;<\/b><\/span> Les d\u00e9chets organiques sont r\u00e9cup\u00e9r\u00e9s par une entreprise certifi\u00e9e pour leurs destructions<\/p>\n<p class=\"p1\"><span class=\"s1\"><b>&gt;<\/b><\/span> Les d\u00e9chets plastiques sont r\u00e9cup\u00e9r\u00e9s par une entreprise certifi\u00e9e pour leurs destructions<\/p>\n<p class=\"p1\"><span class=\"s1\"><b>&gt;<\/b><\/span> Les cartons sont compact\u00e9s et r\u00e9cup\u00e9r\u00e9s par une entreprise certifi\u00e9e pour leur recyclage<\/p>\n<p>[\/vc_column_text]\r\n            \r\n            <div class=\"sh-empty-space vc_empty_space sh-empty-space-Rv3GBecoXI  \" style=\"height: 10px\">\r\n                <span class=\"vc_empty_space_inner\"><\/span>\r\n            <\/div>\r\n\r\n        [\/vc_column][\/vc_row][vc_row full_width=\u00a0\u00bbstretch_row_content\u00a0\u00bb equal_height=\u00a0\u00bbyes\u00a0\u00bb overflow=\u00a0\u00bbdefault\u00a0\u00bb css=\u00a0\u00bb.vc_custom_1713764862625{background-color: #f8f2f1 !important;}\u00a0\u00bb el_id=\u00a0\u00bben vid\u00e9o\u00a0\u00bb][vc_column][vc_column_text]<\/p>\n<h2>En vid\u00e9o<\/h2>\n<p>[\/vc_column_text][vc_video link=\u00a0\u00bbhttps:\/\/youtu.be\/2x3panLe3JU\u00a0\u00bb]\r\n            \r\n            <div class=\"sh-empty-space vc_empty_space sh-empty-space-l2DWtNO0Li  \" style=\"height: 15px\">\r\n                <span class=\"vc_empty_space_inner\"><\/span>\r\n            <\/div>\r\n\r\n        [\/vc_column][\/vc_row][vc_row full_width=\u00a0\u00bbstretch_row_content\u00a0\u00bb overflow=\u00a0\u00bbdefault\u00a0\u00bb css=\u00a0\u00bb.vc_custom_1713759999226{padding-bottom: 10px !important;background-color: #ffffff !important;}\u00a0\u00bb el_id=\u00a0\u00bben chiffres\u00a0\u00bb][vc_column][vc_column_text]<\/p>\n<h2>En chiffres<\/h2>\n<p>[\/vc_column_text][vc_row_inner overflow=\u00a0\u00bbdefault\u00a0\u00bb css=\u00a0\u00bb.vc_custom_1713760013221{background-color: #ffffff !important;}\u00a0\u00bb][vc_column_inner width=\u00a0\u00bb1\/3&Prime;]\r\n            \r\n            <div class=\"sh-empty-space vc_empty_space sh-empty-space-KSXLQ9AeqV  \" style=\"height: 25px\">\r\n                <span class=\"vc_empty_space_inner\"><\/span>\r\n            <\/div>\r\n\r\n        \r\n<div id=\"counter-Qwf8YgTjhL\" class=\"sh-counter sh-counter-style3\">\r\n\t\r\n\t\t\t\t<div class=\"sh-table\">\r\n\t\t\t<div class=\"sh-table-cell text-right\">\r\n\t\t\t\t<div class=\"sh-counter-number sh-counter-animate\">3890<\/div>\r\n\t\t\t<\/div>\r\n\t\t\t<div class=\"sh-table-cell text-left\">\r\n\t\t\t\t<span class=\"sh-counter-title\">tonnes tri\u00e9es<\/span>\r\n\t\t\t\t\t\t\t\t\t<div class=\"sh-counter-subtitle\">par an<\/div>\r\n\t\t\t\t\t\t\t<\/div>\r\n\t\t<\/div>\r\n\r\n\t<\/div>\r\n            <style type=\"text\/css\">\r\n                #counter-Qwf8YgTjhL .sh-counter-number {font-weight: 700!important;}#counter-Qwf8YgTjhL .sh-counter-number {color: #505050;}#counter-Qwf8YgTjhL .sh-counter-title {color: #505050;}#counter-Qwf8YgTjhL .sh-counter-subtitle {color: #8d8d8d;}#counter-Qwf8YgTjhL.sh-counter-style3 .text-left {border-color: #81d742;}#counter-Qwf8YgTjhL .sh-counter-number {font-family: 'Raleway'!important;}            <\/style>\r\n        [\/vc_column_inner][vc_column_inner width=\u00a0\u00bb1\/3&Prime;]\r\n            \r\n            <div class=\"sh-empty-space vc_empty_space sh-empty-space-hJvnjxGkoR  \" style=\"height: 25px\">\r\n                <span class=\"vc_empty_space_inner\"><\/span>\r\n            <\/div>\r\n\r\n        \r\n<div id=\"counter-ENnjevPFAi\" class=\"sh-counter sh-counter-style3\">\r\n\t\r\n\t\t\t\t<div class=\"sh-table\">\r\n\t\t\t<div class=\"sh-table-cell text-right\">\r\n\t\t\t\t<div class=\"sh-counter-number sh-counter-animate\">164<\/div>\r\n\t\t\t<\/div>\r\n\t\t\t<div class=\"sh-table-cell text-left\">\r\n\t\t\t\t<span class=\"sh-counter-title\">clients<\/span>\r\n\t\t\t\t\t\t\t\t\t<div class=\"sh-counter-subtitle\">fid\u00e8les<\/div>\r\n\t\t\t\t\t\t\t<\/div>\r\n\t\t<\/div>\r\n\r\n\t<\/div>\r\n            <style type=\"text\/css\">\r\n                #counter-ENnjevPFAi .sh-counter-number {font-weight: 700!important;}#counter-ENnjevPFAi .sh-counter-number {color: #505050;}#counter-ENnjevPFAi .sh-counter-title {color: #505050;}#counter-ENnjevPFAi .sh-counter-subtitle {color: #8d8d8d;}#counter-ENnjevPFAi.sh-counter-style3 .text-left {border-color: #f9f9f9;}#counter-ENnjevPFAi .sh-counter-number {font-family: 'Raleway'!important;}            <\/style>\r\n        [\/vc_column_inner][vc_column_inner width=\u00a0\u00bb1\/3&Prime;]\r\n            \r\n            <div class=\"sh-empty-space vc_empty_space sh-empty-space-8EbjthrMSo  \" style=\"height: 25px\">\r\n                <span class=\"vc_empty_space_inner\"><\/span>\r\n            <\/div>\r\n\r\n        \r\n<div id=\"counter-6kBA48OhpR\" class=\"sh-counter sh-counter-style3\">\r\n\t\r\n\t\t\t\t<div class=\"sh-table\">\r\n\t\t\t<div class=\"sh-table-cell text-right\">\r\n\t\t\t\t<div class=\"sh-counter-number sh-counter-animate\">2017<\/div>\r\n\t\t\t<\/div>\r\n\t\t\t<div class=\"sh-table-cell text-left\">\r\n\t\t\t\t<span class=\"sh-counter-title\">ann\u00e9e<\/span>\r\n\t\t\t\t\t\t\t\t\t<div class=\"sh-counter-subtitle\">de cr\u00e9ation<\/div>\r\n\t\t\t\t\t\t\t<\/div>\r\n\t\t<\/div>\r\n\r\n\t<\/div>\r\n            <style type=\"text\/css\">\r\n                #counter-6kBA48OhpR .sh-counter-number {font-weight: 700!important;}#counter-6kBA48OhpR .sh-counter-number {color: #505050;}#counter-6kBA48OhpR .sh-counter-title {color: #505050;}#counter-6kBA48OhpR .sh-counter-subtitle {color: #8d8d8d;}#counter-6kBA48OhpR.sh-counter-style3 .text-left {border-color: #f9f9f9;}#counter-6kBA48OhpR .sh-counter-number {font-family: 'Raleway'!important;}            <\/style>\r\n        [\/vc_column_inner][\/vc_row_inner][\/vc_column][\/vc_row][vc_section full_width=\u00a0\u00bbstretch_row_content\u00a0\u00bb css=\u00a0\u00bb.vc_custom_1714542337420{margin-top: 10px !important;padding-top: 33px !important;}\u00a0\u00bb][vc_row full_width=\u00a0\u00bbstretch_row_content\u00a0\u00bb overflow=\u00a0\u00bbdefault\u00a0\u00bb css=\u00a0\u00bb.vc_custom_1713765191146{padding-left: 20px !important;}\u00a0\u00bb][vc_column][vc_column_text]<\/p>\n<h2>Ils nous ont fait confiance\u2026<\/h2>\n<p>[\/vc_column_text][\/vc_column][\/vc_row][vc_row full_width=\u00a0\u00bbstretch_row\u00a0\u00bb css=\u00a0\u00bb.vc_custom_1533558297881{margin-bottom: 0px !important;padding-top: 40px !important;padding-bottom: 80px !important;background-color: #f9f9f9 !important;}\u00a0\u00bb][vc_column width=\u00a0\u00bb1\/4&Prime; overflow=\u00a0\u00bbdefault\u00a0\u00bb][vc_column_text]<\/p>\n<h5 class=\"p1\">AGRICOMMERCE<span class=\"Apple-converted-space\">\u00a0<\/span><\/h5>\n<h6 class=\"p1\">ANECOOP<\/h6>\n<h5 class=\"p1\">ARCOFRUITS<\/h5>\n<h6 class=\"p1\">BIOTROPIC Gmbh<\/h6>\n<h5 class=\"p1\">DELIFRESH SPAIN S.L<\/h5>\n<h6 class=\"p1\">DYNAVERDE<\/h6>\n<h5 class=\"p1\">ECOFFRUTAS<\/h5>\n<h6 class=\"p1\">Ets MESEGUER<\/h6>\n<h5 class=\"p1\">FERNANDEZ LOPEZ S.A<\/h5>\n<h6 class=\"p1\">FONTESTAD France SAS<\/h6>\n<h5 class=\"p1\">FRESH PASION S.L.<\/h5>\n<h6 class=\"p1\">FRUITES AGULLANA S.L.<\/h6>\n<h5 class=\"p1\">FRULEXXO\u00a0\u00a0\u00a0\u00a0\u00a0\u00a0\u00a0\u00a0\u00a0\u00a0\u00a0\u00a0<span class=\"Apple-converted-space\">\u00a0<\/span><\/h5>\n<p>[\/vc_column_text][\/vc_column][vc_column width=\u00a0\u00bb1\/4&Prime;][vc_column_text]<\/p>\n<h6 class=\"p1\">FRUTAS ESCODIA S.L.<\/h6>\n<h5 class=\"p1\">FRUTAS ESPU\u00d1A<\/h5>\n<h6 class=\"p1\">FRUTAS MONTOSA S.L<\/h6>\n<h5 class=\"p1\">FRUTIMA Gmbh<\/h5>\n<h6 class=\"p1\">Frutas de la Sierra Espu\u00f1a<\/h6>\n<h5 class=\"p1\">GLAMOUR FRESH S.L<\/h5>\n<h6 class=\"p1\">Guanter Rodriguez<\/h6>\n<h5 class=\"p1\">JIC France<\/h5>\n<h6 class=\"p1\">JMF PARTENARIAT<\/h6>\n<h5 class=\"p1\">JOYAS DEL TURIA<\/h5>\n<h6 class=\"p1\">KOLLA France<\/h6>\n<h5 class=\"p1\">KSC France<\/h5>\n<h6 class=\"p1\">LEILA Distribution<\/h6>\n<h5 class=\"p1\">LES DOMAINES EUROPE<\/h5>\n<p>[\/vc_column_text][\/vc_column][vc_column width=\u00a0\u00bb1\/4&Prime;][vc_column_text]<\/p>\n<h5 class=\"p1\">M FRUIT<\/h5>\n<h6 class=\"p1\">MADNOOS SARL<\/h6>\n<h5 class=\"p1\">MARQUILLANES<\/h5>\n<h6 class=\"p1\">MUGUI<\/h6>\n<h5 class=\"p1\">Medfruits Import S.A.S.<\/h5>\n<h6 class=\"p1\">PAVI FRUITS<\/h6>\n<h5 class=\"p1\">PFI<\/h5>\n<h6 class=\"p1\">POMONA Import<\/h6>\n<h5 class=\"p1\">PRIMAFEL SAS<\/h5>\n<h6 class=\"p1\">PRODUCTEURS MAROCAINS ASSOCIES<\/h6>\n<h5 class=\"p1\">PROMAFRUIT SAS<\/h5>\n<h6 class=\"p1\">PULP FRUITS<\/h6>\n<h5 class=\"p1\">SANTOS &amp; PEREIRA LDA<\/h5>\n<p>[\/vc_column_text][\/vc_column][vc_column width=\u00a0\u00bb1\/4&Prime;][vc_column_text]<\/p>\n<h6 class=\"p1\">SERFEL<\/h6>\n<h5 class=\"p1\">SOFRUCE SAS IMPORT<\/h5>\n<h6 class=\"p1\">SOLDIVE<\/h6>\n<h5 class=\"p1\">SURBERRY S.L.<\/h5>\n<h6 class=\"p1\">Sierra de Carrascoy<\/h6>\n<h5 class=\"p1\">Spain Agrisana<\/h5>\n<h6 class=\"p1\">SunCrops<\/h6>\n<h5 class=\"p1\">TOP FRUITS SARL<\/h5>\n<h6 class=\"p1\">TROPILINE<\/h6>\n<h5 class=\"p1\">UNIVEG KATOPE<\/h5>\n<h6 class=\"p1\">VITAFRESH<\/h6>\n<p>[\/vc_column_text][\/vc_column][\/vc_row][\/vc_section][vc_column width=\u00a0\u00bb1\/3&Prime; css=\u00a0\u00bb.vc_custom_1533293406151{padding-top: 100px !important;padding-bottom: 80px !important;background-color: #47c9e5 !important;}\u00a0\u00bb max_width=\u00a0\u00bb300&Prime; padding_tablet=\u00a0\u00bb50px 0px 50px 0px\u00a0\u00bb][\/vc_column][vc_section][vc_row][vc_column][vc_gmaps link=\u00a0\u00bb#E-8_JTNDaWZyYW1lJTIwc3JjJTNEJTIyaHR0cHMlM0ElMkYlMkZ3d3cuZ29vZ2xlLmNvbSUyRm1hcHMlMkZlbWJlZCUzRnBiJTNEJTIxMW0xOCUyMTFtMTIlMjExbTMlMjExZDI5MzMuMTcyMDE0NTkxNTIxNSUyMTJkMi44Mzk5NzM4NzU3MjgyMjMlMjEzZDQyLjY3ODg5ODQ3MTE2NTA2JTIxMm0zJTIxMWYwJTIxMmYwJTIxM2YwJTIxM20yJTIxMWkxMDI0JTIxMmk3NjglMjE0ZjEzLjElMjEzbTMlMjExbTIlMjExczB4MTJiMDZmMWYzNGM2ODJmNyUyNTNBMHg1ZTM2N2FlYzBjNDY2MzU0JTIxMnNUUklFVENPJTIxNWUwJTIxM20yJTIxMXNmciUyMTJzZnIlMjE0djE3MTM3NjU0MDUyMjYlMjE1bTIlMjExc2ZyJTIxMnNmciUyMiUyMHdpZHRoJTNEJTIyNjAwJTIyJTIwaGVpZ2h0JTNEJTIyNDUwJTIyJTIwc3R5bGUlM0QlMjJib3JkZXIlM0EwJTNCJTIyJTIwYWxsb3dmdWxsc2NyZWVuJTNEJTIyJTIyJTIwbG9hZGluZyUzRCUyMmxhenklMjIlMjByZWZlcnJlcnBvbGljeSUzRCUyMm5vLXJlZmVycmVyLXdoZW4tZG93bmdyYWRlJTIyJTNFJTNDJTJGaWZyYW1lJTNF\u00a0\u00bb title=\u00a0\u00bbVenir chez nous\u00a0\u00bb][\/vc_column][\/vc_row][\/vc_section][vc_row][vc_column][\/vc_column][\/vc_row]<\/p>\n","protected":false},"excerpt":{"rendered":"<p>[vc_row full_width=\u00a0\u00bbstretch_row\u00a0\u00bb overflow=\u00a0\u00bbdefault\u00a0\u00bb][vc_column overflow=\u00a0\u00bbdefault\u00a0\u00bb][\/vc_column][vc_column overflow=\u00a0\u00bbdefault\u00a0\u00bb css=\u00a0\u00bb.vc_custom_1713412627764{padding-top: 33px !important;padding-left: 20px !important;}\u00a0\u00bb el_id=\u00a0\u00bbnotre activit\u00e9\u00a0\u00bb][vc_column_text] Notre activit\u00e9 [\/vc_column_text][\/vc_column][\/vc_row][vc_row overflow=\u00a0\u00bbdefault\u00a0\u00bb css=\u00a0\u00bb.vc_custom_1713504144517{padding-top: 80px !important;padding-bottom: 100px !important;}\u00a0\u00bb el_id=\u00a0\u00bbaboutus\u00a0\u00bb][vc_column css_animation=\u00a0\u00bbfadeInUp\u00a0\u00bb width=\u00a0\u00bb1\/4&Prime; responsive_border=\u00a0\u00bbdisabled\u00a0\u00bb css=\u00a0\u00bb.vc_custom_1535116738067{border-left-width: 1px !important;padding-top: 0px !important;padding-bottom: 0px !important;border-left-color: #ececec !important;border-left-style: solid !important;}\u00a0\u00bb max_width=\u00a0\u00bb450px\u00a0\u00bb][vc_gallery interval=\u00a0\u00bb3&Prime; images=\u00a0\u00bb962,874,968&Prime; onclick=\u00a0\u00bb\u00a0\u00bb][vc_column_text] Le tri &gt;\u00a0Appr\u00e9cier la conformit\u00e9&#8230;<\/p>\n","protected":false},"author":1,"featured_media":0,"parent":0,"menu_order":0,"comment_status":"closed","ping_status":"closed","template":"","meta":{"footnotes":""},"class_list":["post-763","page","type-page","status-publish","hentry"],"_links":{"self":[{"href":"https:\/\/trietco.com\/index.php\/wp-json\/wp\/v2\/pages\/763"}],"collection":[{"href":"https:\/\/trietco.com\/index.php\/wp-json\/wp\/v2\/pages"}],"about":[{"href":"https:\/\/trietco.com\/index.php\/wp-json\/wp\/v2\/types\/page"}],"author":[{"embeddable":true,"href":"https:\/\/trietco.com\/index.php\/wp-json\/wp\/v2\/users\/1"}],"replies":[{"embeddable":true,"href":"https:\/\/trietco.com\/index.php\/wp-json\/wp\/v2\/comments?post=763"}],"version-history":[{"count":78,"href":"https:\/\/trietco.com\/index.php\/wp-json\/wp\/v2\/pages\/763\/revisions"}],"predecessor-version":[{"id":1000,"href":"https:\/\/trietco.com\/index.php\/wp-json\/wp\/v2\/pages\/763\/revisions\/1000"}],"wp:attachment":[{"href":"https:\/\/trietco.com\/index.php\/wp-json\/wp\/v2\/media?parent=763"}],"curies":[{"name":"wp","href":"https:\/\/api.w.org\/{rel}","templated":true}]}}